{"id":125,"date":"2011-09-29T15:53:08","date_gmt":"2011-09-29T15:53:08","guid":{"rendered":"http:\/\/www.shaggybears.de\/wp\/?page_id=125"},"modified":"2019-12-09T18:27:51","modified_gmt":"2019-12-09T18:27:51","slug":"uber-uns","status":"publish","type":"page","link":"http:\/\/www.shaggybears.de\/?page_id=125","title":{"rendered":"\u00dcber uns"},"content":{"rendered":"<h3>Und nun etwas \u00fcber uns..<\/h3>\n<p>Wir sind eine kleine Familie, die am Rand von Berlin in einem sch\u00f6nen Reihenhaus wohnt. Unsere Maine Coon Miezen k\u00f6nnen sich hier auf 150m\u00b2 voll und ganz austoben. Wir f\u00fchren seit 1998 eine kleine Hobbyzucht. Unsere Zucht ist gekennzeichnet durch unsere alten Linien, die bis auf den Ursprung, der Maine Coon Zucht in Deutschland zur\u00fcckzuf\u00fchren sind. Zu unseren \u00e4ltesten Maine Coon Damen geh\u00f6rte Bogy Cat&#8217;s Gina, sie ist stolze 19 Jahre geworden und auf diese fitten, best\u00e4ndigen Linie baut unsere Zucht auf. Wir haben uns zur Aufgabe gemacht wesensfeste,gesunde und gleichzeitig typvolle und kr\u00e4ftige Maine Coons zu z\u00fcchten. Dabei helfen uns u.a. unsere zwei Rabauken, die flei\u00dfig mit lautem &#8222;Wuff &#8211; Wuff&#8220; unsere Kitten mit aufziehen.<\/p>\n<p>Unsere sehr alten Zuchtlinien zeichnen sich durch ihre leichte K\u00f6rperbauweise aus, die aber keinesfalls dazu f\u00fchrt, dass unsere Tiere klein sind, sondern eher dazu, dass sie trotz gro\u00dfer Pr\u00e4senz keine hohe Gewichtzahl an den Tag legen, was wesentlich ges\u00fcnder f\u00fcr die Knochen ist. Unsere Katzen haben ca. 5 Kg und unsere Kater 7 Kg. Das Gewicht sollte keine Messgr\u00f6\u00dfe f\u00fcr die Pr\u00e4senz eines Tieres sein!<\/p>\n<p>Wir sind eine eingetragene Zucht und z\u00fcchten \u00fcber den Katzenverein Leverkusen e.V. (KVL).<\/p>\n<p><strong>Was ist uns wichtig?<\/strong><\/p>\n<p>Wir m\u00f6chten tolle Charaktere z\u00fcchten, die den Alltag ihrer neuen Dosen\u00f6ffner auf den Kopf stellen, sie jeden Tag zum Lachen bringen, durch ihr lautes Schnurren nach einem stressigen Alltag beruhigen &#8211; einfach tolle Wegbleiter f\u00fcrs Leben!<\/p>\n<p>Wir sind auch bei Facebook!<br \/>\n<a href=\"https:\/\/www.facebook.com\/mainecoonshaggybears\" target=\"_blank\" rel=\"noopener noreferrer\">https:\/\/www.facebook.com\/mainecoonshaggybears<\/a><\/p>\n\n\t\t<div id='gallery-1' class='gallery galleryid-125 gallery-columns-3 gallery-size-thumbnail gallery1'><script type=\"text\/javascript\">\r\n\/\/ <![CDATA[\r\n\tjQuery(document).ready(function () {\r\n\t\tjQuery(\".gallery1 a\").attr(\"rel\",\"gallery1\");\t\r\n\t\tjQuery('a[rel=\"gallery1\"]').colorbox({maxWidth:\"95%\", maxHeight:\"95%\",title: function(){ return jQuery(this).children().attr(\"alt\"); }, });\r\n\t});\r\n\/\/ ]]>\r\n<\/script>\n<figure class=\"gallery-item\">\n<div class=\"gallery-icon\">\r\n<a href=\"http:\/\/www.shaggybears.de\/wp-content\/uploads\/2011\/09\/hundeplatz-spontan200.jpg\" title=\"Clausi von kleinen Gl\u00fcck\" rel=\"gallery1\"><img src=\"http:\/\/www.shaggybears.de\/wp-content\/uploads\/2011\/09\/hundeplatz-spontan200-150x150.jpg\" width=\"100\" height=\"100\" alt=\"Clausi von kleinen Gl\u00fcck\" \/><\/a>\r\n<\/div><figcaption class=\"gallery-caption\" id=\"caption128\"><span class=\"imagecaption\">Clausi von kleinen Gl\u00fcck<\/span><br \/>\n<span class=\"imagedescription\">Eine treue Seele von Zwergschnauzer.Er ist das eher ruhige Gem\u00fcht in unsere Runde, auch er wird flei\u00dfig im Hundesport gearbeitet.<\/span><br \/>\n<\/figcaption><\/figure><figure class=\"gallery-item\">\n<div class=\"gallery-icon\">\r\n<a href=\"http:\/\/www.shaggybears.de\/wp-content\/uploads\/2011\/09\/claus.jpg\" title=\"Clausi\" rel=\"gallery1\"><img src=\"http:\/\/www.shaggybears.de\/wp-content\/uploads\/2011\/09\/claus-150x150.jpg\" width=\"100\" height=\"100\" alt=\"Clausi\" \/><\/a>\r\n<\/div><figcaption class=\"gallery-caption\" id=\"caption326\"><span class=\"imagecaption\">Clausi<\/span><br \/>\n<\/figcaption><\/figure><figure class=\"gallery-item\">\n<div class=\"gallery-icon\">\r\n<a href=\"http:\/\/www.shaggybears.de\/wp-content\/uploads\/2011\/09\/DSC06244_a.jpg\" title=\"Lucy\" rel=\"gallery1\"><img src=\"http:\/\/www.shaggybears.de\/wp-content\/uploads\/2011\/09\/DSC06244_a-150x99.jpg\" width=\"100\" height=\"66\" alt=\"Lucy\" \/><\/a>\r\n<\/div><figcaption class=\"gallery-caption\" id=\"caption1011\"><span class=\"imagecaption\">Lucy<\/span><br \/>\n<\/figcaption><\/figure><figure class=\"gallery-item\">\n<div class=\"gallery-icon\">\r\n<a href=\"http:\/\/www.shaggybears.de\/wp-content\/uploads\/2011\/09\/lucy-mew.jpg\" title=\"Lucy und Mew\" rel=\"gallery1\"><img src=\"http:\/\/www.shaggybears.de\/wp-content\/uploads\/2011\/09\/lucy-mew-150x150.jpg\" width=\"100\" height=\"100\" alt=\"Lucy und Mew\" \/><\/a>\r\n<\/div><figcaption class=\"gallery-caption\" id=\"caption123\"><span class=\"imagecaption\">Lucy und Mew<\/span><br \/>\n<\/figcaption><\/figure>\r\n\t\t<\/div>\n\n<p>&nbsp;<\/p>\n","protected":false},"excerpt":{"rendered":"<p>Und nun etwas \u00fcber uns.. Wir sind eine kleine Familie, die am Rand von Berlin in einem sch\u00f6nen Reihenhaus wohnt. Unsere Maine Coon Miezen k\u00f6nnen sich hier auf 150m\u00b2 voll und ganz austoben. Wir f\u00fchren seit 1998 eine kleine Hobbyzucht. Unsere Zucht ist gekennzeichnet durch unsere alten Linien, die bis auf den Ursprung, der Maine&hellip; <a class=\"more-link\" href=\"http:\/\/www.shaggybears.de\/?page_id=125\">Read More <span class=\"screen-reader-text\">\u00dcber uns<\/span><\/a><\/p>\n","protected":false},"author":1,"featured_media":0,"parent":0,"menu_order":3,"comment_status":"closed","ping_status":"open","template":"","meta":[],"_links":{"self":[{"href":"http:\/\/www.shaggybears.de\/index.php?rest_route=\/wp\/v2\/pages\/125"}],"collection":[{"href":"http:\/\/www.shaggybears.de\/index.php?rest_route=\/wp\/v2\/pages"}],"about":[{"href":"http:\/\/www.shaggybears.de\/index.php?rest_route=\/wp\/v2\/types\/page"}],"author":[{"embeddable":true,"href":"http:\/\/www.shaggybears.de\/index.php?rest_route=\/wp\/v2\/users\/1"}],"replies":[{"embeddable":true,"href":"http:\/\/www.shaggybears.de\/index.php?rest_route=%2Fwp%2Fv2%2Fcomments&post=125"}],"version-history":[{"count":15,"href":"http:\/\/www.shaggybears.de\/index.php?rest_route=\/wp\/v2\/pages\/125\/revisions"}],"predecessor-version":[{"id":2084,"href":"http:\/\/www.shaggybears.de\/index.php?rest_route=\/wp\/v2\/pages\/125\/revisions\/2084"}],"wp:attachment":[{"href":"http:\/\/www.shaggybears.de\/index.php?rest_route=%2Fwp%2Fv2%2Fmedia&parent=125"}],"curies":[{"name":"wp","href":"https:\/\/api.w.org\/{rel}","templated":true}]}}