{"id":13,"date":"2011-09-27T08:47:26","date_gmt":"2011-09-27T08:47:26","guid":{"rendered":"http:\/\/www.shaggybears.de\/wp\/?page_id=13"},"modified":"2021-03-07T20:17:01","modified_gmt":"2021-03-07T20:17:01","slug":"weasly","status":"publish","type":"page","link":"http:\/\/www.shaggybears.de\/?page_id=13","title":{"rendered":"Elliott"},"content":{"rendered":"<p><strong>Shaggy-Bear&#8217;s Elliott<br \/><\/strong><\/p>\n<p>Farbe: black-tabby white | Geburtstag: 10.01.2020<br \/>Vater:&nbsp; | Mutter: Shaggy-Bear&#8217;s Amely<\/p>\n<p>Eliot stammt aus eigener Zucht und ist f\u00fcr uns rundum perfekt. Sehr typvoll und gro\u00df, jedoch total sozial und umg\u00e4nglich. Rund um ist er einfach nur ein Traum und passt super in die Zucht.<\/p>\n<p><strong>&nbsp;<\/strong><\/p>\n\n\n<figure class=\"is-layout-flex wp-block-gallery-1 wp-block-gallery columns-3\"><ul class=\"blocks-gallery-grid\"><li class=\"blocks-gallery-item\"><figure><a href=\"http:\/\/www.shaggybears.de\/wp-content\/uploads\/2021\/03\/k-4043-scaled.jpg\"><img decoding=\"async\" loading=\"lazy\" width=\"3500\" height=\"2438\" src=\"http:\/\/www.shaggybears.de\/wp-content\/uploads\/2021\/03\/k-4043-3500x2438.jpg\" alt=\"\" data-id=\"1876\" data-full-url=\"http:\/\/www.shaggybears.de\/wp-content\/uploads\/2021\/03\/k-4043-scaled.jpg\" data-link=\"http:\/\/www.shaggybears.de\/?attachment_id=1876\" class=\"wp-image-1876\" srcset=\"http:\/\/www.shaggybears.de\/wp-content\/uploads\/2021\/03\/k-4043-3500x2438.jpg 3500w, http:\/\/www.shaggybears.de\/wp-content\/uploads\/2021\/03\/k-4043-300x209.jpg 300w, http:\/\/www.shaggybears.de\/wp-content\/uploads\/2021\/03\/k-4043-100x70.jpg 100w, http:\/\/www.shaggybears.de\/wp-content\/uploads\/2021\/03\/k-4043-768x535.jpg 768w, http:\/\/www.shaggybears.de\/wp-content\/uploads\/2021\/03\/k-4043-1536x1070.jpg 1536w, http:\/\/www.shaggybears.de\/wp-content\/uploads\/2021\/03\/k-4043-2048x1427.jpg 2048w, http:\/\/www.shaggybears.de\/wp-content\/uploads\/2021\/03\/k-4043-431x300.jpg 431w\" sizes=\"(max-width: 3500px) 100vw, 3500px\" \/><\/a><\/figure><\/li><li class=\"blocks-gallery-item\"><figure><a href=\"http:\/\/www.shaggybears.de\/wp-content\/uploads\/2021\/03\/k-4056-scaled.jpg\"><img decoding=\"async\" loading=\"lazy\" width=\"2333\" height=\"3500\" src=\"http:\/\/www.shaggybears.de\/wp-content\/uploads\/2021\/03\/k-4056-2333x3500.jpg\" alt=\"\" data-id=\"1877\" data-full-url=\"http:\/\/www.shaggybears.de\/wp-content\/uploads\/2021\/03\/k-4056-scaled.jpg\" data-link=\"http:\/\/www.shaggybears.de\/?attachment_id=1877\" class=\"wp-image-1877\" srcset=\"http:\/\/www.shaggybears.de\/wp-content\/uploads\/2021\/03\/k-4056-2333x3500.jpg 2333w, http:\/\/www.shaggybears.de\/wp-content\/uploads\/2021\/03\/k-4056-200x300.jpg 200w, http:\/\/www.shaggybears.de\/wp-content\/uploads\/2021\/03\/k-4056-67x100.jpg 67w, http:\/\/www.shaggybears.de\/wp-content\/uploads\/2021\/03\/k-4056-768x1152.jpg 768w, http:\/\/www.shaggybears.de\/wp-content\/uploads\/2021\/03\/k-4056-1024x1536.jpg 1024w, http:\/\/www.shaggybears.de\/wp-content\/uploads\/2021\/03\/k-4056-1365x2048.jpg 1365w, http:\/\/www.shaggybears.de\/wp-content\/uploads\/2021\/03\/k-4056-scaled.jpg 1707w\" sizes=\"(max-width: 2333px) 100vw, 2333px\" \/><\/a><\/figure><\/li><li class=\"blocks-gallery-item\"><figure><a href=\"http:\/\/www.shaggybears.de\/wp-content\/uploads\/2021\/03\/k-4060-scaled.jpg\"><img decoding=\"async\" loading=\"lazy\" width=\"3500\" height=\"2198\" src=\"http:\/\/www.shaggybears.de\/wp-content\/uploads\/2021\/03\/k-4060-3500x2198.jpg\" alt=\"\" data-id=\"1878\" data-full-url=\"http:\/\/www.shaggybears.de\/wp-content\/uploads\/2021\/03\/k-4060-scaled.jpg\" data-link=\"http:\/\/www.shaggybears.de\/?attachment_id=1878\" class=\"wp-image-1878\" srcset=\"http:\/\/www.shaggybears.de\/wp-content\/uploads\/2021\/03\/k-4060-3500x2198.jpg 3500w, http:\/\/www.shaggybears.de\/wp-content\/uploads\/2021\/03\/k-4060-300x188.jpg 300w, http:\/\/www.shaggybears.de\/wp-content\/uploads\/2021\/03\/k-4060-100x63.jpg 100w, http:\/\/www.shaggybears.de\/wp-content\/uploads\/2021\/03\/k-4060-768x482.jpg 768w, http:\/\/www.shaggybears.de\/wp-content\/uploads\/2021\/03\/k-4060-1536x965.jpg 1536w, http:\/\/www.shaggybears.de\/wp-content\/uploads\/2021\/03\/k-4060-2048x1286.jpg 2048w, http:\/\/www.shaggybears.de\/wp-content\/uploads\/2021\/03\/k-4060-478x300.jpg 478w\" sizes=\"(max-width: 3500px) 100vw, 3500px\" \/><\/a><\/figure><\/li><li class=\"blocks-gallery-item\"><figure><a href=\"http:\/\/www.shaggybears.de\/wp-content\/uploads\/2021\/03\/k-4083-scaled.jpg\"><img decoding=\"async\" loading=\"lazy\" width=\"3500\" height=\"2333\" src=\"http:\/\/www.shaggybears.de\/wp-content\/uploads\/2021\/03\/k-4083-3500x2333.jpg\" alt=\"\" data-id=\"1879\" data-full-url=\"http:\/\/www.shaggybears.de\/wp-content\/uploads\/2021\/03\/k-4083-scaled.jpg\" data-link=\"http:\/\/www.shaggybears.de\/?attachment_id=1879\" class=\"wp-image-1879\" srcset=\"http:\/\/www.shaggybears.de\/wp-content\/uploads\/2021\/03\/k-4083-3500x2333.jpg 3500w, http:\/\/www.shaggybears.de\/wp-content\/uploads\/2021\/03\/k-4083-300x200.jpg 300w, http:\/\/www.shaggybears.de\/wp-content\/uploads\/2021\/03\/k-4083-100x67.jpg 100w, http:\/\/www.shaggybears.de\/wp-content\/uploads\/2021\/03\/k-4083-768x512.jpg 768w, http:\/\/www.shaggybears.de\/wp-content\/uploads\/2021\/03\/k-4083-1536x1024.jpg 1536w, http:\/\/www.shaggybears.de\/wp-content\/uploads\/2021\/03\/k-4083-2048x1365.jpg 2048w, http:\/\/www.shaggybears.de\/wp-content\/uploads\/2021\/03\/k-4083-480x320.jpg 480w, http:\/\/www.shaggybears.de\/wp-content\/uploads\/2021\/03\/k-4083-450x300.jpg 450w\" sizes=\"(max-width: 3500px) 100vw, 3500px\" \/><\/a><\/figure><\/li><li class=\"blocks-gallery-item\"><figure><a href=\"http:\/\/www.shaggybears.de\/wp-content\/uploads\/2021\/03\/IMG_20210207_144723-scaled.jpg\"><img decoding=\"async\" loading=\"lazy\" width=\"3500\" height=\"2625\" src=\"http:\/\/www.shaggybears.de\/wp-content\/uploads\/2021\/03\/IMG_20210207_144723-3500x2625.jpg\" alt=\"\" data-id=\"1844\" data-full-url=\"http:\/\/www.shaggybears.de\/wp-content\/uploads\/2021\/03\/IMG_20210207_144723-scaled.jpg\" data-link=\"http:\/\/www.shaggybears.de\/?attachment_id=1844\" class=\"wp-image-1844\" srcset=\"http:\/\/www.shaggybears.de\/wp-content\/uploads\/2021\/03\/IMG_20210207_144723-3500x2625.jpg 3500w, http:\/\/www.shaggybears.de\/wp-content\/uploads\/2021\/03\/IMG_20210207_144723-300x225.jpg 300w, http:\/\/www.shaggybears.de\/wp-content\/uploads\/2021\/03\/IMG_20210207_144723-100x75.jpg 100w, http:\/\/www.shaggybears.de\/wp-content\/uploads\/2021\/03\/IMG_20210207_144723-768x576.jpg 768w, http:\/\/www.shaggybears.de\/wp-content\/uploads\/2021\/03\/IMG_20210207_144723-1536x1152.jpg 1536w, http:\/\/www.shaggybears.de\/wp-content\/uploads\/2021\/03\/IMG_20210207_144723-2048x1536.jpg 2048w, http:\/\/www.shaggybears.de\/wp-content\/uploads\/2021\/03\/IMG_20210207_144723-400x300.jpg 400w\" sizes=\"(max-width: 3500px) 100vw, 3500px\" \/><\/a><figcaption class=\"blocks-gallery-item__caption\">1 Jahr alt<\/figcaption><\/figure><\/li><li class=\"blocks-gallery-item\"><figure><a href=\"http:\/\/www.shaggybears.de\/wp-content\/uploads\/2021\/03\/IMG_20210207_144722-scaled.jpg\"><img decoding=\"async\" loading=\"lazy\" width=\"3500\" height=\"2625\" src=\"http:\/\/www.shaggybears.de\/wp-content\/uploads\/2021\/03\/IMG_20210207_144722-3500x2625.jpg\" alt=\"\" data-id=\"1843\" data-full-url=\"http:\/\/www.shaggybears.de\/wp-content\/uploads\/2021\/03\/IMG_20210207_144722-scaled.jpg\" data-link=\"http:\/\/www.shaggybears.de\/?attachment_id=1843\" class=\"wp-image-1843\" srcset=\"http:\/\/www.shaggybears.de\/wp-content\/uploads\/2021\/03\/IMG_20210207_144722-3500x2625.jpg 3500w, http:\/\/www.shaggybears.de\/wp-content\/uploads\/2021\/03\/IMG_20210207_144722-300x225.jpg 300w, http:\/\/www.shaggybears.de\/wp-content\/uploads\/2021\/03\/IMG_20210207_144722-100x75.jpg 100w, http:\/\/www.shaggybears.de\/wp-content\/uploads\/2021\/03\/IMG_20210207_144722-768x576.jpg 768w, http:\/\/www.shaggybears.de\/wp-content\/uploads\/2021\/03\/IMG_20210207_144722-1536x1152.jpg 1536w, http:\/\/www.shaggybears.de\/wp-content\/uploads\/2021\/03\/IMG_20210207_144722-2048x1536.jpg 2048w, http:\/\/www.shaggybears.de\/wp-content\/uploads\/2021\/03\/IMG_20210207_144722-400x300.jpg 400w\" sizes=\"(max-width: 3500px) 100vw, 3500px\" \/><\/a><\/figure><\/li><li class=\"blocks-gallery-item\"><figure><a href=\"http:\/\/www.shaggybears.de\/wp-content\/uploads\/2012\/02\/k-1567.jpg\"><img decoding=\"async\" loading=\"lazy\" width=\"3500\" height=\"2333\" src=\"http:\/\/www.shaggybears.de\/wp-content\/uploads\/2012\/02\/k-1567-3500x2333.jpg\" alt=\"\" data-id=\"1803\" data-full-url=\"http:\/\/www.shaggybears.de\/wp-content\/uploads\/2012\/02\/k-1567.jpg\" data-link=\"http:\/\/www.shaggybears.de\/?attachment_id=1803\" class=\"wp-image-1803\" srcset=\"http:\/\/www.shaggybears.de\/wp-content\/uploads\/2012\/02\/k-1567-3500x2333.jpg 3500w, http:\/\/www.shaggybears.de\/wp-content\/uploads\/2012\/02\/k-1567-100x67.jpg 100w, http:\/\/www.shaggybears.de\/wp-content\/uploads\/2012\/02\/k-1567-300x200.jpg 300w, http:\/\/www.shaggybears.de\/wp-content\/uploads\/2012\/02\/k-1567-768x512.jpg 768w, http:\/\/www.shaggybears.de\/wp-content\/uploads\/2012\/02\/k-1567-480x320.jpg 480w, http:\/\/www.shaggybears.de\/wp-content\/uploads\/2012\/02\/k-1567-450x300.jpg 450w\" sizes=\"(max-width: 3500px) 100vw, 3500px\" \/><\/a><\/figure><\/li><li class=\"blocks-gallery-item\"><figure><a href=\"http:\/\/www.shaggybears.de\/wp-content\/uploads\/2012\/02\/k-1565.jpg\"><img decoding=\"async\" loading=\"lazy\" width=\"3500\" height=\"2290\" src=\"http:\/\/www.shaggybears.de\/wp-content\/uploads\/2012\/02\/k-1565-3500x2290.jpg\" alt=\"\" data-id=\"1802\" data-full-url=\"http:\/\/www.shaggybears.de\/wp-content\/uploads\/2012\/02\/k-1565.jpg\" data-link=\"http:\/\/www.shaggybears.de\/?attachment_id=1802\" class=\"wp-image-1802\" srcset=\"http:\/\/www.shaggybears.de\/wp-content\/uploads\/2012\/02\/k-1565-3500x2290.jpg 3500w, http:\/\/www.shaggybears.de\/wp-content\/uploads\/2012\/02\/k-1565-100x65.jpg 100w, http:\/\/www.shaggybears.de\/wp-content\/uploads\/2012\/02\/k-1565-300x196.jpg 300w, http:\/\/www.shaggybears.de\/wp-content\/uploads\/2012\/02\/k-1565-768x502.jpg 768w, http:\/\/www.shaggybears.de\/wp-content\/uploads\/2012\/02\/k-1565-459x300.jpg 459w\" sizes=\"(max-width: 3500px) 100vw, 3500px\" \/><\/a><\/figure><\/li><li class=\"blocks-gallery-item\"><figure><a href=\"http:\/\/www.shaggybears.de\/wp-content\/uploads\/2012\/02\/k-1563.jpg\"><img decoding=\"async\" loading=\"lazy\" width=\"3500\" height=\"2238\" src=\"http:\/\/www.shaggybears.de\/wp-content\/uploads\/2012\/02\/k-1563-3500x2238.jpg\" alt=\"\" data-id=\"1801\" data-full-url=\"http:\/\/www.shaggybears.de\/wp-content\/uploads\/2012\/02\/k-1563.jpg\" data-link=\"http:\/\/www.shaggybears.de\/?attachment_id=1801\" class=\"wp-image-1801\" srcset=\"http:\/\/www.shaggybears.de\/wp-content\/uploads\/2012\/02\/k-1563-3500x2238.jpg 3500w, http:\/\/www.shaggybears.de\/wp-content\/uploads\/2012\/02\/k-1563-100x64.jpg 100w, http:\/\/www.shaggybears.de\/wp-content\/uploads\/2012\/02\/k-1563-300x192.jpg 300w, http:\/\/www.shaggybears.de\/wp-content\/uploads\/2012\/02\/k-1563-768x491.jpg 768w, http:\/\/www.shaggybears.de\/wp-content\/uploads\/2012\/02\/k-1563-469x300.jpg 469w\" sizes=\"(max-width: 3500px) 100vw, 3500px\" \/><\/a><\/figure><\/li><li class=\"blocks-gallery-item\"><figure><a href=\"http:\/\/www.shaggybears.de\/wp-content\/uploads\/2021\/03\/IMG_20210207_145457-scaled.jpg\"><img decoding=\"async\" loading=\"lazy\" width=\"2625\" height=\"3500\" src=\"http:\/\/www.shaggybears.de\/wp-content\/uploads\/2021\/03\/IMG_20210207_145457-2625x3500.jpg\" alt=\"\" data-id=\"1856\" data-full-url=\"http:\/\/www.shaggybears.de\/wp-content\/uploads\/2021\/03\/IMG_20210207_145457-scaled.jpg\" data-link=\"http:\/\/www.shaggybears.de\/?attachment_id=1856\" class=\"wp-image-1856\" srcset=\"http:\/\/www.shaggybears.de\/wp-content\/uploads\/2021\/03\/IMG_20210207_145457-2625x3500.jpg 2625w, http:\/\/www.shaggybears.de\/wp-content\/uploads\/2021\/03\/IMG_20210207_145457-225x300.jpg 225w, http:\/\/www.shaggybears.de\/wp-content\/uploads\/2021\/03\/IMG_20210207_145457-75x100.jpg 75w, http:\/\/www.shaggybears.de\/wp-content\/uploads\/2021\/03\/IMG_20210207_145457-768x1024.jpg 768w, http:\/\/www.shaggybears.de\/wp-content\/uploads\/2021\/03\/IMG_20210207_145457-1152x1536.jpg 1152w, http:\/\/www.shaggybears.de\/wp-content\/uploads\/2021\/03\/IMG_20210207_145457-1536x2048.jpg 1536w, http:\/\/www.shaggybears.de\/wp-content\/uploads\/2021\/03\/IMG_20210207_145457-scaled.jpg 1920w\" sizes=\"(max-width: 2625px) 100vw, 2625px\" \/><\/a><\/figure><\/li><\/ul><\/figure>\n","protected":false},"excerpt":{"rendered":"<p>Shaggy-Bear&#8217;s Elliott Farbe: black-tabby white | Geburtstag: 10.01.2020Vater:&nbsp; | Mutter: Shaggy-Bear&#8217;s Amely Eliot stammt aus eigener Zucht und ist f\u00fcr uns rundum perfekt. Sehr typvoll und gro\u00df, jedoch total sozial und umg\u00e4nglich. Rund um ist er einfach nur ein Traum und passt super in die Zucht. &nbsp;<\/p>\n","protected":false},"author":1,"featured_media":0,"parent":5,"menu_order":0,"comment_status":"open","ping_status":"closed","template":"","meta":[],"_links":{"self":[{"href":"http:\/\/www.shaggybears.de\/index.php?rest_route=\/wp\/v2\/pages\/13"}],"collection":[{"href":"http:\/\/www.shaggybears.de\/index.php?rest_route=\/wp\/v2\/pages"}],"about":[{"href":"http:\/\/www.shaggybears.de\/index.php?rest_route=\/wp\/v2\/types\/page"}],"author":[{"embeddable":true,"href":"http:\/\/www.shaggybears.de\/index.php?rest_route=\/wp\/v2\/users\/1"}],"replies":[{"embeddable":true,"href":"http:\/\/www.shaggybears.de\/index.php?rest_route=%2Fwp%2Fv2%2Fcomments&post=13"}],"version-history":[{"count":15,"href":"http:\/\/www.shaggybears.de\/index.php?rest_route=\/wp\/v2\/pages\/13\/revisions"}],"predecessor-version":[{"id":1925,"href":"http:\/\/www.shaggybears.de\/index.php?rest_route=\/wp\/v2\/pages\/13\/revisions\/1925"}],"up":[{"embeddable":true,"href":"http:\/\/www.shaggybears.de\/index.php?rest_route=\/wp\/v2\/pages\/5"}],"wp:attachment":[{"href":"http:\/\/www.shaggybears.de\/index.php?rest_route=%2Fwp%2Fv2%2Fmedia&parent=13"}],"curies":[{"name":"wp","href":"https:\/\/api.w.org\/{rel}","templated":true}]}}