{"id":1695,"date":"2018-07-28T10:31:16","date_gmt":"2018-07-28T10:31:16","guid":{"rendered":"http:\/\/www.shaggybears.de\/?page_id=1695"},"modified":"2021-03-18T07:20:59","modified_gmt":"2021-03-18T07:20:59","slug":"haeufig-gestellte-fragen","status":"publish","type":"page","link":"http:\/\/www.shaggybears.de\/?page_id=1695","title":{"rendered":"h\u00e4ufig gestellte Fragen"},"content":{"rendered":"<h3>Wie alt werden Maine Coons ?<\/h3>\n<p>Die Maine Coon hat die gleiche Lebenserwartung wie jede andere Katzenrasse auch. In der Regel werden Sie zwischen 12 &#8211; 15 Jahre alt. Unsere \u00e4lteste Cooniedame wurde 19 1\/2 Jahre.<\/p>\n<h3>Wie viel kostet eine Maine Coon ?<\/h3>\n<p>Die Entscheidung f\u00fcr ein Tier sollte nie vom Preis abh\u00e4ngig gemacht werden. Eine reinrassige Maine Coon kostet bei uns 1.000 \u20ac und ist nicht verhandelbar (Eine Ratenzahlung ist nach Asprache m\u00f6glich). Ein Preis der vieles beinhaltet:<\/p>\n<p><strong>Futterkosten<\/strong> &#8211; und ja ein kleiner Wurf mit Katzenkindern kann einem die Haare vom Kopf fressen, von dem Muttertier mal abgesehen welches in den ersten Wochen genauso viel frisst wie eine 7 k\u00f6pfige Raupe \ud83d\ude09<br \/>\n<strong>Impfkosten<\/strong> &#8211; Unsere Tiere werden zwei mal geimpft einmal mit 8 Wochen und das zweite Mal mit 12 Wochen gegen Katzenschnupfen\/Katzenseuche<br \/>\n<strong>Ahnentafeln &#8211; <\/strong>Jedes Baby erh\u00e4lt seinen eigenen Abstammungsnachweis als Beweis, dass es eine reinrassige Maine Coon ist.<br \/>\n<strong>Wurmkuren<\/strong> &#8211; Die Babys werden bei uns vor Abgabe ca. 2 -3 mal entwrumt<br \/>\n<strong>au\u00dferplanm\u00e4\u00dfige Tierarztkosten &#8211;\u00a0<\/strong> Kaiserschnitt, intensive Betreuung durch unseren Tierarzt, ja auch unsere Zuchttiere k\u00f6nnen einmal krank werden, Untersuchungen, Kastrationen, Verletzungen usw.<br \/>\n<strong>Kosten f\u00fcr die Mitgliedschaft im Zuchtverein &#8211; <\/strong>wir unterstehen einem Verein, der Acht darauf gibt, dass keine Massenzuchten gef\u00fchrt werden und die Tiere nicht zu viele W\u00fcrfe in einem gewissen Zeitraum machen<br \/>\n<strong>Zu guter letzt&#8230; <\/strong>Die viele Liebe und Zeit die man sich nimmt, um die kleinen Zwerge intensiv auf ihr neues Leben vorzubereiten und sich um die werdende Mama in etlichen schlaflosen N\u00e4chten zu k\u00fcmmern &#8211; All dies ist nicht mit Geld aufzuwerten &#8211;<strong> Wir machen es aus Hobby und Leidenschaft!<\/strong><\/p>\n<h3>Ist eine Einzelhaltung m\u00f6glich?<\/h3>\n<p>Grunds\u00e4tzlich verkaufen wir unsere Sch\u00fctzlinge nur in Gesellschaft. Es kommt jedoch vor, dass manche Tiere lieber alleine Leben m\u00f6chte, dann verkaufen wir auch in Ausnahmef\u00e4llen in Einzelhaltung. Jeder sollte sich selbst die Frage stellen wie lange das Tier pro Tag alleine ist? Die Frage ist nicht nur in dem &#8222;allein sein&#8220; begr\u00fcndet. Gerade junge Katzen ben\u00f6tigen einen Spielkumpel und den kann der Mensch nicht ersetzen. Menschen, die berufst\u00e4tig sind und lange au\u00dfer Haus sind, w\u00fcrden das K\u00e4tzchen viel zu lange alleine lassen. Demnach ist es von uns eine Grundvoraussetzung, dass entweder bereits eine andere Katze vorhanden ist oder zwei Babys genommen werden.<\/p>\n<h3>Freigang Ja oder Nein?<\/h3>\n<p>Eine Maine Coon f\u00e4llt durch ihr imposantes Aussehen auf, und hat in der Regel nicht die Scheu vor dem Menschen, die es z.B. die meisten Hauskatzen haben. Leider gibt es genug Menschen, die Rassekatzen einfach von der Stra\u00dfe wegfangen.. Letzendlich muss jeder Besitzer selbst entscheiden, inwieweit er sich mit diesen Gedanken abfinden m\u00f6chte. Eine Maine Coon kommt auch gut ohne Freigang aus, ein sch\u00f6ner gesicherter Balkon oder Garten ist nat\u00fcrlich ein Highlight f\u00fcr jede Katze.<\/p>\n<h3>Ab wann d\u00fcrfen die Babys in ihr neues Zuhause ziehen?<\/h3>\n<p>Unsere Babys d\u00fcrfen mit der 13. Woche nach der zweiten Impfung ausziehen.<\/p>\n","protected":false},"excerpt":{"rendered":"<p>Wie alt werden Maine Coons ? Die Maine Coon hat die gleiche Lebenserwartung wie jede andere Katzenrasse auch. In der Regel werden Sie zwischen 12 &#8211; 15 Jahre alt. Unsere \u00e4lteste Cooniedame wurde 19 1\/2 Jahre. Wie viel kostet eine Maine Coon ? Die Entscheidung f\u00fcr ein Tier sollte nie vom Preis abh\u00e4ngig gemacht werden.&hellip; <a class=\"more-link\" href=\"http:\/\/www.shaggybears.de\/?page_id=1695\">Read More <span class=\"screen-reader-text\">h\u00e4ufig gestellte Fragen<\/span><\/a><\/p>\n","protected":false},"author":2,"featured_media":0,"parent":250,"menu_order":0,"comment_status":"closed","ping_status":"closed","template":"","meta":[],"_links":{"self":[{"href":"http:\/\/www.shaggybears.de\/index.php?rest_route=\/wp\/v2\/pages\/1695"}],"collection":[{"href":"http:\/\/www.shaggybears.de\/index.php?rest_route=\/wp\/v2\/pages"}],"about":[{"href":"http:\/\/www.shaggybears.de\/index.php?rest_route=\/wp\/v2\/types\/page"}],"author":[{"embeddable":true,"href":"http:\/\/www.shaggybears.de\/index.php?rest_route=\/wp\/v2\/users\/2"}],"replies":[{"embeddable":true,"href":"http:\/\/www.shaggybears.de\/index.php?rest_route=%2Fwp%2Fv2%2Fcomments&post=1695"}],"version-history":[{"count":6,"href":"http:\/\/www.shaggybears.de\/index.php?rest_route=\/wp\/v2\/pages\/1695\/revisions"}],"predecessor-version":[{"id":1937,"href":"http:\/\/www.shaggybears.de\/index.php?rest_route=\/wp\/v2\/pages\/1695\/revisions\/1937"}],"up":[{"embeddable":true,"href":"http:\/\/www.shaggybears.de\/index.php?rest_route=\/wp\/v2\/pages\/250"}],"wp:attachment":[{"href":"http:\/\/www.shaggybears.de\/index.php?rest_route=%2Fwp%2Fv2%2Fmedia&parent=1695"}],"curies":[{"name":"wp","href":"https:\/\/api.w.org\/{rel}","templated":true}]}}