{"id":309,"date":"2011-11-29T19:19:14","date_gmt":"2011-11-29T19:19:14","guid":{"rendered":"http:\/\/www.shaggybears.de\/?page_id=309"},"modified":"2016-03-15T21:23:01","modified_gmt":"2016-03-15T21:23:01","slug":"kastraten","status":"publish","type":"page","link":"http:\/\/www.shaggybears.de\/?page_id=309","title":{"rendered":"Kastraten"},"content":{"rendered":"<p>Auf dieser Seite stellen wir ihnen unsere kastrierten Tiere vor.<br \/>\nSie sind unsere lieben Seelchen, Kobolde und Schmusetiger.<\/p>\n<p>&nbsp;<\/p>\n<p><strong><br \/>\n<a href=\"http:\/\/www.shaggybears.de\/wp-content\/uploads\/2011\/11\/IMG-20120212-WA0001.jpg\"><img decoding=\"async\" loading=\"lazy\" class=\"alignleft size-medium wp-image-810\" src=\"http:\/\/www.shaggybears.de\/wp-content\/uploads\/2011\/11\/IMG-20120212-WA0001-199x300.jpg\" alt=\"IMG-20120212-WA0001\" width=\"199\" height=\"300\" srcset=\"http:\/\/www.shaggybears.de\/wp-content\/uploads\/2011\/11\/IMG-20120212-WA0001-199x300.jpg 199w, http:\/\/www.shaggybears.de\/wp-content\/uploads\/2011\/11\/IMG-20120212-WA0001-99x150.jpg 99w, http:\/\/www.shaggybears.de\/wp-content\/uploads\/2011\/11\/IMG-20120212-WA0001-66x100.jpg 66w, http:\/\/www.shaggybears.de\/wp-content\/uploads\/2011\/11\/IMG-20120212-WA0001.jpg 533w\" sizes=\"(max-width: 199px) 100vw, 199px\" \/><\/a>&#8222;Shaggy Bear&#8217;s Toffifee&#8220;<\/strong><\/p>\n<p>Geburtstag: 16.10.2009<\/p>\n<p>Madame Toffifee ist eine sehr reizende Mieze.Sie hat nur bunte Murmeln im Kopf und ist regelrecht der &#8222;Clown&#8220; in unserer Katzentruppe!Toffifee ist gro\u00df und kr\u00e4ftig gebaut und begeistert mit ihrer Ausdrucksst\u00e4rke. Sie ist stets freundlich zu allem, sei es Hund,Katz&#8216; oder Mensch. Ihre Lieblingsbesch\u00e4ftigung ist es, denen, die sie nicht beachten, auf den Puckel zu springen und ihnen flei\u00dfig ein Ohr abzukauen.<\/p>\n<p>&nbsp;<\/p>\n<p>&nbsp;<\/p>\n<p>&nbsp;<\/p>\n<p>&nbsp;<\/p>\n<p>&nbsp;<\/p>\n<p><strong><img decoding=\"async\" loading=\"lazy\" class=\"alignleft size-medium wp-image-1084\" src=\"http:\/\/www.shaggybears.de\/wp-content\/uploads\/2011\/09\/DSC06949_a1-300x199.jpg\" alt=\"DSC06949_a\" width=\"300\" height=\"199\" srcset=\"http:\/\/www.shaggybears.de\/wp-content\/uploads\/2011\/09\/DSC06949_a1-300x199.jpg 300w, http:\/\/www.shaggybears.de\/wp-content\/uploads\/2011\/09\/DSC06949_a1-150x99.jpg 150w, http:\/\/www.shaggybears.de\/wp-content\/uploads\/2011\/09\/DSC06949_a1-100x66.jpg 100w, http:\/\/www.shaggybears.de\/wp-content\/uploads\/2011\/09\/DSC06949_a1.jpg 2000w\" sizes=\"(max-width: 300px) 100vw, 300px\" \/>&#8222;Shaggy-Bear&#8217;s Free Willy&#8220;<\/strong><\/p>\n<p>Geboren am: 13.04.2013<\/p>\n<p>Free Willy ist ein riesen Kobold, der uns stets zum Lachen bringt. Er hatte schon 3 neue Adoptiveltern doch kam immer wieder zur\u00fcck, weil immer wieder irgendetwas dazwischen kam. Irgendwann hatten wir begriffen Willy will einfach bei uns bleiben und so lebt er nun als Kastrat bei uns, und k\u00fcmmert sich r\u00fchrend um unsere Kitten. Er ist ein absoluter riese und beeindruckt durch seine enorme Ausstrahlung.<\/p>\n<p>&nbsp;<\/p>\n<p>&nbsp;<\/p>\n","protected":false},"excerpt":{"rendered":"<p>Auf dieser Seite stellen wir ihnen unsere kastrierten Tiere vor. Sie sind unsere lieben Seelchen, Kobolde und Schmusetiger. &nbsp; &#8222;Shaggy Bear&#8217;s Toffifee&#8220; Geburtstag: 16.10.2009 Madame Toffifee ist eine sehr reizende Mieze.Sie hat nur bunte Murmeln im Kopf und ist regelrecht der &#8222;Clown&#8220; in unserer Katzentruppe!Toffifee ist gro\u00df und kr\u00e4ftig gebaut und begeistert mit ihrer Ausdrucksst\u00e4rke.&hellip; <a class=\"more-link\" href=\"http:\/\/www.shaggybears.de\/?page_id=309\">Read More <span class=\"screen-reader-text\">Kastraten<\/span><\/a><\/p>\n","protected":false},"author":1,"featured_media":367,"parent":1339,"menu_order":9,"comment_status":"closed","ping_status":"open","template":"","meta":[],"_links":{"self":[{"href":"http:\/\/www.shaggybears.de\/index.php?rest_route=\/wp\/v2\/pages\/309"}],"collection":[{"href":"http:\/\/www.shaggybears.de\/index.php?rest_route=\/wp\/v2\/pages"}],"about":[{"href":"http:\/\/www.shaggybears.de\/index.php?rest_route=\/wp\/v2\/types\/page"}],"author":[{"embeddable":true,"href":"http:\/\/www.shaggybears.de\/index.php?rest_route=\/wp\/v2\/users\/1"}],"replies":[{"embeddable":true,"href":"http:\/\/www.shaggybears.de\/index.php?rest_route=%2Fwp%2Fv2%2Fcomments&post=309"}],"version-history":[{"count":50,"href":"http:\/\/www.shaggybears.de\/index.php?rest_route=\/wp\/v2\/pages\/309\/revisions"}],"predecessor-version":[{"id":1110,"href":"http:\/\/www.shaggybears.de\/index.php?rest_route=\/wp\/v2\/pages\/309\/revisions\/1110"}],"up":[{"embeddable":true,"href":"http:\/\/www.shaggybears.de\/index.php?rest_route=\/wp\/v2\/pages\/1339"}],"wp:featuredmedia":[{"embeddable":true,"href":"http:\/\/www.shaggybears.de\/index.php?rest_route=\/wp\/v2\/media\/367"}],"wp:attachment":[{"href":"http:\/\/www.shaggybears.de\/index.php?rest_route=%2Fwp%2Fv2%2Fmedia&parent=309"}],"curies":[{"name":"wp","href":"https:\/\/api.w.org\/{rel}","templated":true}]}}