{"id":5,"date":"2011-09-27T08:46:09","date_gmt":"2011-09-27T08:46:09","guid":{"rendered":"http:\/\/www.shaggybears.de\/wp\/?page_id=5"},"modified":"2016-03-15T21:19:38","modified_gmt":"2016-03-15T21:19:38","slug":"kater","status":"publish","type":"page","link":"http:\/\/www.shaggybears.de\/?page_id=5","title":{"rendered":"Kater"},"content":{"rendered":"<p>Auf dieser Seite stellen sich unsere reizenden Herren vor!<\/p>\n<p>Sie sind die Grundlage unserer Zucht.<\/p>\n<p>Wir w\u00e4hlen unsere zuk\u00fcnftigen Herren sorgf\u00e4ltig aus und achten besonders auf den Charakter.<br \/>\nUnsere Kater sind jedoch nicht l\u00e4nger als 2 Jahre im Einsatz,<br \/>\nda wir ihnen den hormonellen Stress nicht \u00fcber einen l\u00e4ngeren Zeitraum\u00a0 zu muten wollen.<\/p>\n<p>Sie stehen <strong>NICHT<\/strong> f\u00fcr andere Damen zu Verf\u00fcgung!<\/p>\n","protected":false},"excerpt":{"rendered":"<p>Auf dieser Seite stellen sich unsere reizenden Herren vor! Sie sind die Grundlage unserer Zucht. Wir w\u00e4hlen unsere zuk\u00fcnftigen Herren sorgf\u00e4ltig aus und achten besonders auf den Charakter. Unsere Kater sind jedoch nicht l\u00e4nger als 2 Jahre im Einsatz, da wir ihnen den hormonellen Stress nicht \u00fcber einen l\u00e4ngeren Zeitraum\u00a0 zu muten wollen. Sie stehen&hellip; <a class=\"more-link\" href=\"http:\/\/www.shaggybears.de\/?page_id=5\">Read More <span class=\"screen-reader-text\">Kater<\/span><\/a><\/p>\n","protected":false},"author":1,"featured_media":0,"parent":1337,"menu_order":3,"comment_status":"open","ping_status":"closed","template":"","meta":[],"_links":{"self":[{"href":"http:\/\/www.shaggybears.de\/index.php?rest_route=\/wp\/v2\/pages\/5"}],"collection":[{"href":"http:\/\/www.shaggybears.de\/index.php?rest_route=\/wp\/v2\/pages"}],"about":[{"href":"http:\/\/www.shaggybears.de\/index.php?rest_route=\/wp\/v2\/types\/page"}],"author":[{"embeddable":true,"href":"http:\/\/www.shaggybears.de\/index.php?rest_route=\/wp\/v2\/users\/1"}],"replies":[{"embeddable":true,"href":"http:\/\/www.shaggybears.de\/index.php?rest_route=%2Fwp%2Fv2%2Fcomments&post=5"}],"version-history":[{"count":12,"href":"http:\/\/www.shaggybears.de\/index.php?rest_route=\/wp\/v2\/pages\/5\/revisions"}],"predecessor-version":[{"id":1175,"href":"http:\/\/www.shaggybears.de\/index.php?rest_route=\/wp\/v2\/pages\/5\/revisions\/1175"}],"up":[{"embeddable":true,"href":"http:\/\/www.shaggybears.de\/index.php?rest_route=\/wp\/v2\/pages\/1337"}],"wp:attachment":[{"href":"http:\/\/www.shaggybears.de\/index.php?rest_route=%2Fwp%2Fv2%2Fmedia&parent=5"}],"curies":[{"name":"wp","href":"https:\/\/api.w.org\/{rel}","templated":true}]}}