{"id":7,"date":"2011-09-27T08:46:19","date_gmt":"2011-09-27T08:46:19","guid":{"rendered":"http:\/\/www.shaggybears.de\/wp\/?page_id=7"},"modified":"2016-03-15T21:19:54","modified_gmt":"2016-03-15T21:19:54","slug":"katzen","status":"publish","type":"page","link":"http:\/\/www.shaggybears.de\/?page_id=7","title":{"rendered":"Katzen"},"content":{"rendered":"<p>Mit einem lauten &#8222;Miau&#8220; begr\u00fc\u00dfen Sie nun unsere Katzendamen!<br \/>\nSie machen h\u00f6chstens 2 W\u00fcrfe in 2 Jahren bei uns.<br \/>\nSie leben alle zusammen in einer Gruppe und werden von uns<br \/>\neifrig umsorgt!<\/p>\n","protected":false},"excerpt":{"rendered":"<p>Mit einem lauten &#8222;Miau&#8220; begr\u00fc\u00dfen Sie nun unsere Katzendamen! Sie machen h\u00f6chstens 2 W\u00fcrfe in 2 Jahren bei uns. Sie leben alle zusammen in einer Gruppe und werden von uns eifrig umsorgt!<\/p>\n","protected":false},"author":1,"featured_media":0,"parent":1337,"menu_order":3,"comment_status":"open","ping_status":"closed","template":"","meta":[],"_links":{"self":[{"href":"http:\/\/www.shaggybears.de\/index.php?rest_route=\/wp\/v2\/pages\/7"}],"collection":[{"href":"http:\/\/www.shaggybears.de\/index.php?rest_route=\/wp\/v2\/pages"}],"about":[{"href":"http:\/\/www.shaggybears.de\/index.php?rest_route=\/wp\/v2\/types\/page"}],"author":[{"embeddable":true,"href":"http:\/\/www.shaggybears.de\/index.php?rest_route=\/wp\/v2\/users\/1"}],"replies":[{"embeddable":true,"href":"http:\/\/www.shaggybears.de\/index.php?rest_route=%2Fwp%2Fv2%2Fcomments&post=7"}],"version-history":[{"count":11,"href":"http:\/\/www.shaggybears.de\/index.php?rest_route=\/wp\/v2\/pages\/7\/revisions"}],"predecessor-version":[{"id":1176,"href":"http:\/\/www.shaggybears.de\/index.php?rest_route=\/wp\/v2\/pages\/7\/revisions\/1176"}],"up":[{"embeddable":true,"href":"http:\/\/www.shaggybears.de\/index.php?rest_route=\/wp\/v2\/pages\/1337"}],"wp:attachment":[{"href":"http:\/\/www.shaggybears.de\/index.php?rest_route=%2Fwp%2Fv2%2Fmedia&parent=7"}],"curies":[{"name":"wp","href":"https:\/\/api.w.org\/{rel}","templated":true}]}}