{"id":78,"date":"2011-09-27T14:11:08","date_gmt":"2011-09-27T14:11:08","guid":{"rendered":"http:\/\/www.shaggybears.de\/wp\/?page_id=78"},"modified":"2021-03-07T20:24:05","modified_gmt":"2021-03-07T20:24:05","slug":"johann","status":"publish","type":"page","link":"http:\/\/www.shaggybears.de\/?page_id=78","title":{"rendered":"Java"},"content":{"rendered":"<p><strong>&#8222;Dragonlord Java&#8220;<br \/><\/strong><\/p>\n<p>Farbe: red-smoke-white | Geburtstag: 17.07.2014<br \/>Vater: Indigo Blue of Brenda&#8217;s Garden\u00a0<span style=\"color: #000000;\">|<\/span> Mutter: Dragonlord Mayflower<\/p>\n<p>&#8222;Java&#8220; unser neuer Schatz in unserer Coonietruppe. Sein Charme \u00fcbertrifft alles und so bereichert er unsere Zucht nicht nur durch seinen tollen Typ mit gro\u00dfen gut platzierten Ohren, kr\u00e4ftigem K\u00f6rperbau und langem Schwanz, sondern auch durch seinen tollen Charakter.<\/p>\n<p>Wie k\u00f6nnte man Java am besten beschreiben? mal \u00fcberlegen&#8230;.<br \/>&#8230;Java ist ein frecher Kobold der gef\u00fchlt, alle 5 Minuten seine &#8222;5 Minuten&#8220; bekommt. Er ist so verschmust wie 10 Katzen zusammen, abrufbar wie ein Hund und zirpst sch\u00f6ner als jeder Vogel.<\/p>\n<p>Vielen lieben Dank an Jens und Iris f\u00fcr das Anvertrauen des kleinen Schatzes!<\/p>\n<p>www.dragonlord-maine-coon-cats.de<\/p>\n<p><strong>Wichtig: Java steht nicht zum Fremddecken zur Verf\u00fcgung!<\/strong><\/p>\n\n\n<figure class=\"is-layout-flex wp-block-gallery-1 wp-block-gallery columns-1 is-cropped\"><ul class=\"blocks-gallery-grid\"><li class=\"blocks-gallery-item\"><figure><a href=\"http:\/\/www.shaggybears.de\/wp-content\/uploads\/2015\/03\/12931213_1059237090789372_5114166032709306613_n.jpg\"><img decoding=\"async\" loading=\"lazy\" width=\"480\" height=\"319\" src=\"http:\/\/www.shaggybears.de\/wp-content\/uploads\/2015\/03\/12931213_1059237090789372_5114166032709306613_n.jpg\" alt=\"\" data-id=\"1432\" data-full-url=\"http:\/\/www.shaggybears.de\/wp-content\/uploads\/2015\/03\/12931213_1059237090789372_5114166032709306613_n.jpg\" data-link=\"http:\/\/www.shaggybears.de\/?attachment_id=1432\" class=\"wp-image-1432\" srcset=\"http:\/\/www.shaggybears.de\/wp-content\/uploads\/2015\/03\/12931213_1059237090789372_5114166032709306613_n.jpg 480w, http:\/\/www.shaggybears.de\/wp-content\/uploads\/2015\/03\/12931213_1059237090789372_5114166032709306613_n-100x66.jpg 100w, http:\/\/www.shaggybears.de\/wp-content\/uploads\/2015\/03\/12931213_1059237090789372_5114166032709306613_n-300x199.jpg 300w\" sizes=\"(max-width: 480px) 100vw, 480px\" \/><\/a><\/figure><\/li><\/ul><\/figure>\n","protected":false},"excerpt":{"rendered":"<p>&#8222;Dragonlord Java&#8220; Farbe: red-smoke-white | Geburtstag: 17.07.2014Vater: Indigo Blue of Brenda&#8217;s Garden\u00a0| Mutter: Dragonlord Mayflower &#8222;Java&#8220; unser neuer Schatz in unserer Coonietruppe. Sein Charme \u00fcbertrifft alles und so bereichert er unsere Zucht nicht nur durch seinen tollen Typ mit gro\u00dfen gut platzierten Ohren, kr\u00e4ftigem K\u00f6rperbau und langem Schwanz, sondern auch durch seinen tollen Charakter. Wie&hellip; <a class=\"more-link\" href=\"http:\/\/www.shaggybears.de\/?page_id=78\">Read More <span class=\"screen-reader-text\">Java<\/span><\/a><\/p>\n","protected":false},"author":1,"featured_media":0,"parent":5,"menu_order":0,"comment_status":"closed","ping_status":"open","template":"","meta":[],"_links":{"self":[{"href":"http:\/\/www.shaggybears.de\/index.php?rest_route=\/wp\/v2\/pages\/78"}],"collection":[{"href":"http:\/\/www.shaggybears.de\/index.php?rest_route=\/wp\/v2\/pages"}],"about":[{"href":"http:\/\/www.shaggybears.de\/index.php?rest_route=\/wp\/v2\/types\/page"}],"author":[{"embeddable":true,"href":"http:\/\/www.shaggybears.de\/index.php?rest_route=\/wp\/v2\/users\/1"}],"replies":[{"embeddable":true,"href":"http:\/\/www.shaggybears.de\/index.php?rest_route=%2Fwp%2Fv2%2Fcomments&post=78"}],"version-history":[{"count":31,"href":"http:\/\/www.shaggybears.de\/index.php?rest_route=\/wp\/v2\/pages\/78\/revisions"}],"predecessor-version":[{"id":1931,"href":"http:\/\/www.shaggybears.de\/index.php?rest_route=\/wp\/v2\/pages\/78\/revisions\/1931"}],"up":[{"embeddable":true,"href":"http:\/\/www.shaggybears.de\/index.php?rest_route=\/wp\/v2\/pages\/5"}],"wp:attachment":[{"href":"http:\/\/www.shaggybears.de\/index.php?rest_route=%2Fwp%2Fv2%2Fmedia&parent=78"}],"curies":[{"name":"wp","href":"https:\/\/api.w.org\/{rel}","templated":true}]}}